{"id":880,"date":"2021-10-14T20:51:56","date_gmt":"2021-10-14T20:51:56","guid":{"rendered":"https:\/\/ktsadvogados.com.br\/?page_id=880"},"modified":"2021-10-15T14:51:56","modified_gmt":"2021-10-15T14:51:56","slug":"artigos","status":"publish","type":"page","link":"https:\/\/ktsadvogados.com.br\/?page_id=880","title":{"rendered":"Artigos"},"content":{"rendered":"\t\t<div data-elementor-type=\"wp-page\" data-elementor-id=\"880\" class=\"elementor elementor-880\">\n\t\t\t\t\t\t\t\t\t<section class=\"elementor-section elementor-top-section elementor-element elementor-element-02a9fcf elementor-section-boxed elementor-section-height-default elementor-section-height-default\" data-id=\"02a9fcf\" data-element_type=\"section\">\n\t\t\t\t\t\t<div class=\"elementor-container elementor-column-gap-default\">\n\t\t\t\t\t<div class=\"elementor-column elementor-col-100 elementor-top-column elementor-element elementor-element-91079c4\" data-id=\"91079c4\" data-element_type=\"column\">\n\t\t\t<div class=\"elementor-widget-wrap elementor-element-populated\">\n\t\t\t\t\t\t\t\t<div class=\"elementor-element elementor-element-c8a2cab elementor-widget elementor-widget-text-editor\" data-id=\"c8a2cab\" data-element_type=\"widget\" data-widget_type=\"text-editor.default\">\n\t\t\t\t<div class=\"elementor-widget-container\">\n\t\t\t\t\t\t\t\r\n\t\t<div class=\"bdp-post-grid-main bdp-design-2 bdpgrid-2 bdp-clearfix\">\r\n\t\t\t<div class=\"bdp-post-grid bdp-medium-6 bdp-columns  bdp-first\">\r\n\t<div class=\"bdp-post-grid-content \">\r\n\t\t\t\t<div class=\"bdp-post-image-bg\">\r\n\t\t\t<a href=\"https:\/\/ktsadvogados.com.br\/?p=1206\">\r\n\t\t\t\t<img decoding=\"async\" src=\"https:\/\/ktsadvogados.com.br\/wp-content\/uploads\/Modelo-Capa-Artigo-7.png\" alt=\"DREX \u2013 O QUE VOC\u00ca PRECISA SABER SOBRE A NOVA MOEDA DIGITAL BRASILEIRA\" \/>\r\n\t\t\t<\/a>\r\n\t\t<\/div>\r\n\t\t\t\t<div class=\"bdp-post-margin-content\">\r\n\t\t\t\r\n\t\t\t<h2 class=\"bdp-post-title\">\r\n\t\t\t\t<a href=\"https:\/\/ktsadvogados.com.br\/?p=1206\">DREX \u2013 O QUE VOC\u00ca PRECISA SABER SOBRE A NOVA MOEDA DIGITAL BRASILEIRA<\/a>\r\n\t\t\t<\/h2>\r\n\r\n\t\t\t\t\t\t<div class=\"bdp-post-content\">\r\n\t\t\t\t<div class=\"bdp-post-short-content\">A crescente jun\u00e7\u00e3o entre tecnologia e finan\u00e7as tem dado origem a uma s\u00e9rie de inova\u00e7\u00f5es,&#8230;<\/div>\r\n\t\t\t\t\t\t\t\t\t<a href=\"https:\/\/ktsadvogados.com.br\/?p=1206\" class=\"bdp-readmorebtn\">Leia mais<\/a>\r\n\t\t\t\t\t\t\t<\/div>\r\n\t\t\t\t\t<\/div>\r\n\t<\/div>\r\n<\/div><div class=\"bdp-post-grid bdp-medium-6 bdp-columns \">\r\n\t<div class=\"bdp-post-grid-content \">\r\n\t\t\t\t<div class=\"bdp-post-image-bg\">\r\n\t\t\t<a href=\"https:\/\/ktsadvogados.com.br\/?p=1171\">\r\n\t\t\t\t<img decoding=\"async\" src=\"https:\/\/ktsadvogados.com.br\/wp-content\/uploads\/Modelo-Capa-Artigo-5-1.png\" alt=\"Meios at\u00edpicos de persecu\u00e7\u00e3o de cr\u00e9ditos nas execu\u00e7\u00f5es e o julgamento da ADI 5.941\" \/>\r\n\t\t\t<\/a>\r\n\t\t<\/div>\r\n\t\t\t\t<div class=\"bdp-post-margin-content\">\r\n\t\t\t\r\n\t\t\t<h2 class=\"bdp-post-title\">\r\n\t\t\t\t<a href=\"https:\/\/ktsadvogados.com.br\/?p=1171\">Meios at\u00edpicos de persecu\u00e7\u00e3o de cr\u00e9ditos nas execu\u00e7\u00f5es e o julgamento da ADI 5.941<\/a>\r\n\t\t\t<\/h2>\r\n\r\n\t\t\t\t\t\t<div class=\"bdp-post-content\">\r\n\t\t\t\t<div class=\"bdp-post-short-content\">Na semana passada tratamos sobre os meios t\u00edpicos utilizados como forma de persecu\u00e7\u00e3o dos cr\u00e9ditos&#8230;<\/div>\r\n\t\t\t\t\t\t\t\t\t<a href=\"https:\/\/ktsadvogados.com.br\/?p=1171\" class=\"bdp-readmorebtn\">Leia mais<\/a>\r\n\t\t\t\t\t\t\t<\/div>\r\n\t\t\t\t\t<\/div>\r\n\t<\/div>\r\n<\/div><div class=\"bdp-post-grid bdp-medium-6 bdp-columns  bdp-first\">\r\n\t<div class=\"bdp-post-grid-content \">\r\n\t\t\t\t<div class=\"bdp-post-image-bg\">\r\n\t\t\t<a href=\"https:\/\/ktsadvogados.com.br\/?p=1165\">\r\n\t\t\t\t<img decoding=\"async\" src=\"https:\/\/ktsadvogados.com.br\/wp-content\/uploads\/Modelo-Capa-Artigo-5.png\" alt=\"Meios t\u00edpicos de persecu\u00e7\u00e3o de cr\u00e9ditos nas execu\u00e7\u00f5es\" \/>\r\n\t\t\t<\/a>\r\n\t\t<\/div>\r\n\t\t\t\t<div class=\"bdp-post-margin-content\">\r\n\t\t\t\r\n\t\t\t<h2 class=\"bdp-post-title\">\r\n\t\t\t\t<a href=\"https:\/\/ktsadvogados.com.br\/?p=1165\">Meios t\u00edpicos de persecu\u00e7\u00e3o de cr\u00e9ditos nas execu\u00e7\u00f5es<\/a>\r\n\t\t\t<\/h2>\r\n\r\n\t\t\t\t\t\t<div class=\"bdp-post-content\">\r\n\t\t\t\t<div class=\"bdp-post-short-content\">Nos processos de execu\u00e7\u00e3o o comportamento do executado em dificultar o pagamento da d\u00edvida pode&#8230;<\/div>\r\n\t\t\t\t\t\t\t\t\t<a href=\"https:\/\/ktsadvogados.com.br\/?p=1165\" class=\"bdp-readmorebtn\">Leia mais<\/a>\r\n\t\t\t\t\t\t\t<\/div>\r\n\t\t\t\t\t<\/div>\r\n\t<\/div>\r\n<\/div><div class=\"bdp-post-grid bdp-medium-6 bdp-columns \">\r\n\t<div class=\"bdp-post-grid-content \">\r\n\t\t\t\t<div class=\"bdp-post-image-bg\">\r\n\t\t\t<a href=\"https:\/\/ktsadvogados.com.br\/?p=1148\">\r\n\t\t\t\t<img decoding=\"async\" src=\"https:\/\/ktsadvogados.com.br\/wp-content\/uploads\/Versao-2-1.png\" alt=\"Benef\u00edcios de uma assessoria jur\u00eddica mensal para sua empresa\" \/>\r\n\t\t\t<\/a>\r\n\t\t<\/div>\r\n\t\t\t\t<div class=\"bdp-post-margin-content\">\r\n\t\t\t\r\n\t\t\t<h2 class=\"bdp-post-title\">\r\n\t\t\t\t<a href=\"https:\/\/ktsadvogados.com.br\/?p=1148\">Benef\u00edcios de uma assessoria jur\u00eddica mensal para sua empresa<\/a>\r\n\t\t\t<\/h2>\r\n\r\n\t\t\t\t\t\t<div class=\"bdp-post-content\">\r\n\t\t\t\t<div class=\"bdp-post-short-content\">A gest\u00e3o de um neg\u00f3cio traz diversos desafios legais e regulat\u00f3rios a serem seguidos. Assim,&#8230;<\/div>\r\n\t\t\t\t\t\t\t\t\t<a href=\"https:\/\/ktsadvogados.com.br\/?p=1148\" class=\"bdp-readmorebtn\">Leia mais<\/a>\r\n\t\t\t\t\t\t\t<\/div>\r\n\t\t\t\t\t<\/div>\r\n\t<\/div>\r\n<\/div><div class=\"bdp-post-grid bdp-medium-6 bdp-columns  bdp-first\">\r\n\t<div class=\"bdp-post-grid-content \">\r\n\t\t\t\t<div class=\"bdp-post-image-bg\">\r\n\t\t\t<a href=\"https:\/\/ktsadvogados.com.br\/?p=1133\">\r\n\t\t\t\t<img decoding=\"async\" src=\"https:\/\/ktsadvogados.com.br\/wp-content\/uploads\/Modelo-Capa-Artigo-4.png\" alt=\"Lei n\u00ba 14.611\/2023 e suas altera\u00e7\u00f5es para refor\u00e7ar a igualdade salarial e remunerat\u00f3ria entre homens e mulheres no local de trabalho\" \/>\r\n\t\t\t<\/a>\r\n\t\t<\/div>\r\n\t\t\t\t<div class=\"bdp-post-margin-content\">\r\n\t\t\t\r\n\t\t\t<h2 class=\"bdp-post-title\">\r\n\t\t\t\t<a href=\"https:\/\/ktsadvogados.com.br\/?p=1133\">Lei n\u00ba 14.611\/2023 e suas altera\u00e7\u00f5es para refor\u00e7ar a igualdade salarial e remunerat\u00f3ria entre homens e mulheres no local de trabalho<\/a>\r\n\t\t\t<\/h2>\r\n\r\n\t\t\t\t\t\t<div class=\"bdp-post-content\">\r\n\t\t\t\t<div class=\"bdp-post-short-content\">Na data de 03\/07\/2023 foi publicada a Lei n\u00ba 14.611\/2023 que prev\u00ea novas disposi\u00e7\u00f5es para&#8230;<\/div>\r\n\t\t\t\t\t\t\t\t\t<a href=\"https:\/\/ktsadvogados.com.br\/?p=1133\" class=\"bdp-readmorebtn\">Leia mais<\/a>\r\n\t\t\t\t\t\t\t<\/div>\r\n\t\t\t\t\t<\/div>\r\n\t<\/div>\r\n<\/div><div class=\"bdp-post-grid bdp-medium-6 bdp-columns \">\r\n\t<div class=\"bdp-post-grid-content \">\r\n\t\t\t\t<div class=\"bdp-post-image-bg\">\r\n\t\t\t<a href=\"https:\/\/ktsadvogados.com.br\/?p=223\">\r\n\t\t\t\t<img decoding=\"async\" src=\"https:\/\/ktsadvogados.com.br\/wp-content\/uploads\/blog.png\" alt=\"7 dicas para evitar preju\u00edzos trabalhistas no seu neg\u00f3cio\" \/>\r\n\t\t\t<\/a>\r\n\t\t<\/div>\r\n\t\t\t\t<div class=\"bdp-post-margin-content\">\r\n\t\t\t\r\n\t\t\t<h2 class=\"bdp-post-title\">\r\n\t\t\t\t<a href=\"https:\/\/ktsadvogados.com.br\/?p=223\">7 dicas para evitar preju\u00edzos trabalhistas no seu neg\u00f3cio<\/a>\r\n\t\t\t<\/h2>\r\n\r\n\t\t\t\t\t\t<div class=\"bdp-post-content\">\r\n\t\t\t\t<div class=\"bdp-post-short-content\">Neste post vamos apresentar algumas dicas importantes para voc\u00ea garantir maior seguran\u00e7a quanto \u00e0s quest\u00f5es&#8230;<\/div>\r\n\t\t\t\t\t\t\t\t\t<a href=\"https:\/\/ktsadvogados.com.br\/?p=223\" class=\"bdp-readmorebtn\">Leia mais<\/a>\r\n\t\t\t\t\t\t\t<\/div>\r\n\t\t\t\t\t<\/div>\r\n\t<\/div>\r\n<\/div><div class=\"bdp-post-grid bdp-medium-6 bdp-columns  bdp-first\">\r\n\t<div class=\"bdp-post-grid-content \">\r\n\t\t\t\t<div class=\"bdp-post-image-bg\">\r\n\t\t\t<a href=\"https:\/\/ktsadvogados.com.br\/?p=144\">\r\n\t\t\t\t<img decoding=\"async\" src=\"https:\/\/ktsadvogados.com.br\/wp-content\/uploads\/blog.png\" alt=\"Aspectos importantes da Circular de Oferta de Franquia\" \/>\r\n\t\t\t<\/a>\r\n\t\t<\/div>\r\n\t\t\t\t<div class=\"bdp-post-margin-content\">\r\n\t\t\t\r\n\t\t\t<h2 class=\"bdp-post-title\">\r\n\t\t\t\t<a href=\"https:\/\/ktsadvogados.com.br\/?p=144\">Aspectos importantes da Circular de Oferta de Franquia<\/a>\r\n\t\t\t<\/h2>\r\n\r\n\t\t\t\t\t\t<div class=\"bdp-post-content\">\r\n\t\t\t\t<div class=\"bdp-post-short-content\">A circular de oferta de franquia estabelecida pela lei 8.955\/1994 pode ser definida a grosso&#8230;<\/div>\r\n\t\t\t\t\t\t\t\t\t<a href=\"https:\/\/ktsadvogados.com.br\/?p=144\" class=\"bdp-readmorebtn\">Leia mais<\/a>\r\n\t\t\t\t\t\t\t<\/div>\r\n\t\t\t\t\t<\/div>\r\n\t<\/div>\r\n<\/div>\t\t<\/div>\r\n\r\n\t\t\t\t\t\t\t\t<\/div>\n\t\t\t\t<\/div>\n\t\t\t\t\t<\/div>\n\t\t<\/div>\n\t\t\t\t\t\t\t<\/div>\n\t\t<\/section>\n\t\t\t\t\t\t\t<\/div>\n\t\t","protected":false},"excerpt":{"rendered":"","protected":false},"author":1,"featured_media":0,"parent":0,"menu_order":0,"comment_status":"closed","ping_status":"closed","template":"","meta":{"_acf_changed":false,"footnotes":""},"acf":[],"_links":{"self":[{"href":"https:\/\/ktsadvogados.com.br\/index.php?rest_route=\/wp\/v2\/pages\/880"}],"collection":[{"href":"https:\/\/ktsadvogados.com.br\/index.php?rest_route=\/wp\/v2\/pages"}],"about":[{"href":"https:\/\/ktsadvogados.com.br\/index.php?rest_route=\/wp\/v2\/types\/page"}],"author":[{"embeddable":true,"href":"https:\/\/ktsadvogados.com.br\/index.php?rest_route=\/wp\/v2\/users\/1"}],"replies":[{"embeddable":true,"href":"https:\/\/ktsadvogados.com.br\/index.php?rest_route=%2Fwp%2Fv2%2Fcomments&post=880"}],"version-history":[{"count":5,"href":"https:\/\/ktsadvogados.com.br\/index.php?rest_route=\/wp\/v2\/pages\/880\/revisions"}],"predecessor-version":[{"id":904,"href":"https:\/\/ktsadvogados.com.br\/index.php?rest_route=\/wp\/v2\/pages\/880\/revisions\/904"}],"wp:attachment":[{"href":"https:\/\/ktsadvogados.com.br\/index.php?rest_route=%2Fwp%2Fv2%2Fmedia&parent=880"}],"curies":[{"name":"wp","href":"https:\/\/api.w.org\/{rel}","templated":true}]}}